{"id":10,"date":"2025-08-27T12:15:52","date_gmt":"2025-08-27T12:15:52","guid":{"rendered":"https:\/\/rdpengenharia.pt\/?page_id=10"},"modified":"2025-10-09T14:51:50","modified_gmt":"2025-10-09T14:51:50","slug":"inicio","status":"publish","type":"page","link":"https:\/\/rdpengenharia.pt\/","title":{"rendered":"In\u00edcio"},"content":{"rendered":"\t\t<div data-elementor-type=\"wp-page\" data-elementor-id=\"10\" class=\"elementor elementor-10\">\n\t\t\t\t<div class=\"elementor-element elementor-element-e97c080 e-flex e-con-boxed e-con e-parent\" data-id=\"e97c080\" data-element_type=\"container\" data-e-type=\"container\" data-settings=\"{&quot;background_background&quot;:&quot;slideshow&quot;,&quot;background_slideshow_gallery&quot;:[{&quot;id&quot;:11,&quot;url&quot;:&quot;https:\\\/\\\/rdpengenharia.pt\\\/wp-content\\\/uploads\\\/2025\\\/08\\\/Arvore-BW.png&quot;},{&quot;id&quot;:226,&quot;url&quot;:&quot;https:\\\/\\\/rdpengenharia.pt\\\/wp-content\\\/uploads\\\/2025\\\/09\\\/Fortaleza-BW.jpg&quot;},{&quot;id&quot;:228,&quot;url&quot;:&quot;https:\\\/\\\/rdpengenharia.pt\\\/wp-content\\\/uploads\\\/2025\\\/09\\\/Vasques-BW.jpg&quot;},{&quot;id&quot;:227,&quot;url&quot;:&quot;https:\\\/\\\/rdpengenharia.pt\\\/wp-content\\\/uploads\\\/2025\\\/09\\\/Predio-Campos-BW.jpg&quot;},{&quot;id&quot;:229,&quot;url&quot;:&quot;https:\\\/\\\/rdpengenharia.pt\\\/wp-content\\\/uploads\\\/2025\\\/09\\\/Caxinas-BW.jpg&quot;},{&quot;id&quot;:225,&quot;url&quot;:&quot;https:\\\/\\\/rdpengenharia.pt\\\/wp-content\\\/uploads\\\/2025\\\/09\\\/7-Coordenacao-de-projeto-BW.jpg&quot;}],&quot;background_slideshow_loop&quot;:&quot;yes&quot;,&quot;background_slideshow_slide_duration&quot;:5000,&quot;background_slideshow_slide_transition&quot;:&quot;fade&quot;,&quot;background_slideshow_transition_duration&quot;:500}\">\n\t\t\t\t\t<div class=\"e-con-inner\">\n\t\t\t\t<div class=\"elementor-element elementor-element-6a55eaf elementor-widget elementor-widget-heading\" data-id=\"6a55eaf\" data-element_type=\"widget\" data-e-type=\"widget\" data-widget_type=\"heading.default\">\n\t\t\t\t\t<h1 class=\"elementor-heading-title elementor-size-default\">RDP Projetos de Engenharia<\/h1>\t\t\t\t<\/div>\n\t\t\t\t\t<\/div>\n\t\t\t\t<\/div>\n\t\t\t\t<\/div>\n\t\t","protected":false},"excerpt":{"rendered":"","protected":false},"author":1,"featured_media":0,"parent":0,"menu_order":0,"comment_status":"closed","ping_status":"closed","template":"","meta":{"ocean_post_layout":"full-screen","ocean_both_sidebars_style":"","ocean_both_sidebars_content_width":0,"ocean_both_sidebars_sidebars_width":0,"ocean_sidebar":"0","ocean_second_sidebar":"0","ocean_disable_margins":"on","ocean_add_body_class":"","ocean_shortcode_before_top_bar":"","ocean_shortcode_after_top_bar":"","ocean_shortcode_before_header":"","ocean_shortcode_after_header":"","ocean_has_shortcode":"","ocean_shortcode_after_title":"","ocean_shortcode_before_footer_widgets":"","ocean_shortcode_after_footer_widgets":"","ocean_shortcode_before_footer_bottom":"","ocean_shortcode_after_footer_bottom":"","ocean_display_top_bar":"off","ocean_display_header":"on","ocean_header_style":"","ocean_center_header_left_menu":"0","ocean_custom_header_template":"0","ocean_custom_logo":0,"ocean_custom_retina_logo":0,"ocean_custom_logo_max_width":0,"ocean_custom_logo_tablet_max_width":0,"ocean_custom_logo_mobile_max_width":0,"ocean_custom_logo_max_height":0,"ocean_custom_logo_tablet_max_height":0,"ocean_custom_logo_mobile_max_height":0,"ocean_header_custom_menu":"0","ocean_menu_typo_font_family":"0","ocean_menu_typo_font_subset":"","ocean_menu_typo_font_size":0,"ocean_menu_typo_font_size_tablet":0,"ocean_menu_typo_font_size_mobile":0,"ocean_menu_typo_font_size_unit":"px","ocean_menu_typo_font_weight":"","ocean_menu_typo_font_weight_tablet":"","ocean_menu_typo_font_weight_mobile":"","ocean_menu_typo_transform":"","ocean_menu_typo_transform_tablet":"","ocean_menu_typo_transform_mobile":"","ocean_menu_typo_line_height":0,"ocean_menu_typo_line_height_tablet":0,"ocean_menu_typo_line_height_mobile":0,"ocean_menu_typo_line_height_unit":"","ocean_menu_typo_spacing":0,"ocean_menu_typo_spacing_tablet":0,"ocean_menu_typo_spacing_mobile":0,"ocean_menu_typo_spacing_unit":"","ocean_menu_link_color":"","ocean_menu_link_color_hover":"","ocean_menu_link_color_active":"","ocean_menu_link_background":"","ocean_menu_link_hover_background":"","ocean_menu_link_active_background":"","ocean_menu_social_links_bg":"","ocean_menu_social_hover_links_bg":"","ocean_menu_social_links_color":"","ocean_menu_social_hover_links_color":"","ocean_disable_title":"on","ocean_disable_heading":"default","ocean_post_title":"","ocean_post_subheading":"","ocean_post_title_style":"","ocean_post_title_background_color":"","ocean_post_title_background":0,"ocean_post_title_bg_image_position":"","ocean_post_title_bg_image_attachment":"","ocean_post_title_bg_image_repeat":"","ocean_post_title_bg_image_size":"","ocean_post_title_height":0,"ocean_post_title_bg_overlay":0.5,"ocean_post_title_bg_overlay_color":"","ocean_disable_breadcrumbs":"default","ocean_breadcrumbs_color":"","ocean_breadcrumbs_separator_color":"","ocean_breadcrumbs_links_color":"","ocean_breadcrumbs_links_hover_color":"","ocean_display_footer_widgets":"off","ocean_display_footer_bottom":"off","ocean_custom_footer_template":"0","footnotes":""},"class_list":["post-10","page","type-page","status-publish","hentry","entry"],"yoast_head":"<!-- This site is optimized with the Yoast SEO plugin v27.4 - https:\/\/yoast.com\/product\/yoast-seo-wordpress\/ -->\n<title>In\u00edcio - RDP - Projetos de Engenharia<\/title>\n<meta name=\"description\" content=\"Empresa de servi\u00e7os de projetos de engenharia civil nas v\u00e1rias especialidades de estruturas, hidr\u00e1ulicas, g\u00e1s, ac\u00fastica, inc\u00eandios e infraestruturas.\" \/>\n<meta name=\"robots\" content=\"index, follow, max-snippet:-1, max-image-preview:large, max-video-preview:-1\" \/>\n<link rel=\"canonical\" href=\"https:\/\/rdpengenharia.pt\/\" \/>\n<meta property=\"og:locale\" content=\"en_US\" \/>\n<meta property=\"og:type\" content=\"article\" \/>\n<meta property=\"og:title\" content=\"In\u00edcio - RDP - Projetos de Engenharia\" \/>\n<meta property=\"og:description\" content=\"Empresa de servi\u00e7os de projetos de engenharia civil nas v\u00e1rias especialidades de estruturas, hidr\u00e1ulicas, g\u00e1s, ac\u00fastica, inc\u00eandios e infraestruturas.\" \/>\n<meta property=\"og:url\" content=\"https:\/\/rdpengenharia.pt\/\" \/>\n<meta property=\"og:site_name\" content=\"RDP - Projetos de Engenharia\" \/>\n<meta property=\"article:modified_time\" content=\"2025-10-09T14:51:50+00:00\" \/>\n<meta name=\"twitter:card\" content=\"summary_large_image\" \/>\n<script type=\"application\/ld+json\" class=\"yoast-schema-graph\">{\"@context\":\"https:\\\/\\\/schema.org\",\"@graph\":[{\"@type\":\"WebPage\",\"@id\":\"https:\\\/\\\/rdpengenharia.pt\\\/\",\"url\":\"https:\\\/\\\/rdpengenharia.pt\\\/\",\"name\":\"In\u00edcio - RDP - Projetos de Engenharia\",\"isPartOf\":{\"@id\":\"https:\\\/\\\/rdpengenharia.pt\\\/#website\"},\"datePublished\":\"2025-08-27T12:15:52+00:00\",\"dateModified\":\"2025-10-09T14:51:50+00:00\",\"description\":\"Empresa de servi\u00e7os de projetos de engenharia civil nas v\u00e1rias especialidades de estruturas, hidr\u00e1ulicas, g\u00e1s, ac\u00fastica, inc\u00eandios e infraestruturas.\",\"breadcrumb\":{\"@id\":\"https:\\\/\\\/rdpengenharia.pt\\\/#breadcrumb\"},\"inLanguage\":\"en-US\",\"potentialAction\":[{\"@type\":\"ReadAction\",\"target\":[\"https:\\\/\\\/rdpengenharia.pt\\\/\"]}]},{\"@type\":\"BreadcrumbList\",\"@id\":\"https:\\\/\\\/rdpengenharia.pt\\\/#breadcrumb\",\"itemListElement\":[{\"@type\":\"ListItem\",\"position\":1,\"name\":\"Home\",\"item\":\"https:\\\/\\\/rdpengenharia.pt\\\/\"},{\"@type\":\"ListItem\",\"position\":2,\"name\":\"In\u00edcio\"}]},{\"@type\":\"WebSite\",\"@id\":\"https:\\\/\\\/rdpengenharia.pt\\\/#website\",\"url\":\"https:\\\/\\\/rdpengenharia.pt\\\/\",\"name\":\"RDP - Projetos de Engenharia\",\"description\":\"\",\"publisher\":{\"@id\":\"https:\\\/\\\/rdpengenharia.pt\\\/#organization\"},\"potentialAction\":[{\"@type\":\"SearchAction\",\"target\":{\"@type\":\"EntryPoint\",\"urlTemplate\":\"https:\\\/\\\/rdpengenharia.pt\\\/?s={search_term_string}\"},\"query-input\":{\"@type\":\"PropertyValueSpecification\",\"valueRequired\":true,\"valueName\":\"search_term_string\"}}],\"inLanguage\":\"en-US\"},{\"@type\":\"Organization\",\"@id\":\"https:\\\/\\\/rdpengenharia.pt\\\/#organization\",\"name\":\"RDP - Projetos de Engenharia\",\"url\":\"https:\\\/\\\/rdpengenharia.pt\\\/\",\"logo\":{\"@type\":\"ImageObject\",\"inLanguage\":\"en-US\",\"@id\":\"https:\\\/\\\/rdpengenharia.pt\\\/#\\\/schema\\\/logo\\\/image\\\/\",\"url\":\"https:\\\/\\\/rdpengenharia.pt\\\/wp-content\\\/uploads\\\/2025\\\/08\\\/cropped-Logo-Principal-alterado-1.png\",\"contentUrl\":\"https:\\\/\\\/rdpengenharia.pt\\\/wp-content\\\/uploads\\\/2025\\\/08\\\/cropped-Logo-Principal-alterado-1.png\",\"width\":2379,\"height\":539,\"caption\":\"RDP - Projetos de Engenharia\"},\"image\":{\"@id\":\"https:\\\/\\\/rdpengenharia.pt\\\/#\\\/schema\\\/logo\\\/image\\\/\"},\"sameAs\":[\"https:\\\/\\\/www.linkedin.com\\\/company\\\/106906809\\\/admin\\\/dashboard\\\/\"]}]}<\/script>\n<!-- \/ Yoast SEO plugin. -->","yoast_head_json":{"title":"In\u00edcio - RDP - Projetos de Engenharia","description":"Empresa de servi\u00e7os de projetos de engenharia civil nas v\u00e1rias especialidades de estruturas, hidr\u00e1ulicas, g\u00e1s, ac\u00fastica, inc\u00eandios e infraestruturas.","robots":{"index":"index","follow":"follow","max-snippet":"max-snippet:-1","max-image-preview":"max-image-preview:large","max-video-preview":"max-video-preview:-1"},"canonical":"https:\/\/rdpengenharia.pt\/","og_locale":"en_US","og_type":"article","og_title":"In\u00edcio - RDP - Projetos de Engenharia","og_description":"Empresa de servi\u00e7os de projetos de engenharia civil nas v\u00e1rias especialidades de estruturas, hidr\u00e1ulicas, g\u00e1s, ac\u00fastica, inc\u00eandios e infraestruturas.","og_url":"https:\/\/rdpengenharia.pt\/","og_site_name":"RDP - Projetos de Engenharia","article_modified_time":"2025-10-09T14:51:50+00:00","twitter_card":"summary_large_image","schema":{"@context":"https:\/\/schema.org","@graph":[{"@type":"WebPage","@id":"https:\/\/rdpengenharia.pt\/","url":"https:\/\/rdpengenharia.pt\/","name":"In\u00edcio - RDP - Projetos de Engenharia","isPartOf":{"@id":"https:\/\/rdpengenharia.pt\/#website"},"datePublished":"2025-08-27T12:15:52+00:00","dateModified":"2025-10-09T14:51:50+00:00","description":"Empresa de servi\u00e7os de projetos de engenharia civil nas v\u00e1rias especialidades de estruturas, hidr\u00e1ulicas, g\u00e1s, ac\u00fastica, inc\u00eandios e infraestruturas.","breadcrumb":{"@id":"https:\/\/rdpengenharia.pt\/#breadcrumb"},"inLanguage":"en-US","potentialAction":[{"@type":"ReadAction","target":["https:\/\/rdpengenharia.pt\/"]}]},{"@type":"BreadcrumbList","@id":"https:\/\/rdpengenharia.pt\/#breadcrumb","itemListElement":[{"@type":"ListItem","position":1,"name":"Home","item":"https:\/\/rdpengenharia.pt\/"},{"@type":"ListItem","position":2,"name":"In\u00edcio"}]},{"@type":"WebSite","@id":"https:\/\/rdpengenharia.pt\/#website","url":"https:\/\/rdpengenharia.pt\/","name":"RDP - Projetos de Engenharia","description":"","publisher":{"@id":"https:\/\/rdpengenharia.pt\/#organization"},"potentialAction":[{"@type":"SearchAction","target":{"@type":"EntryPoint","urlTemplate":"https:\/\/rdpengenharia.pt\/?s={search_term_string}"},"query-input":{"@type":"PropertyValueSpecification","valueRequired":true,"valueName":"search_term_string"}}],"inLanguage":"en-US"},{"@type":"Organization","@id":"https:\/\/rdpengenharia.pt\/#organization","name":"RDP - Projetos de Engenharia","url":"https:\/\/rdpengenharia.pt\/","logo":{"@type":"ImageObject","inLanguage":"en-US","@id":"https:\/\/rdpengenharia.pt\/#\/schema\/logo\/image\/","url":"https:\/\/rdpengenharia.pt\/wp-content\/uploads\/2025\/08\/cropped-Logo-Principal-alterado-1.png","contentUrl":"https:\/\/rdpengenharia.pt\/wp-content\/uploads\/2025\/08\/cropped-Logo-Principal-alterado-1.png","width":2379,"height":539,"caption":"RDP - Projetos de Engenharia"},"image":{"@id":"https:\/\/rdpengenharia.pt\/#\/schema\/logo\/image\/"},"sameAs":["https:\/\/www.linkedin.com\/company\/106906809\/admin\/dashboard\/"]}]}},"_links":{"self":[{"href":"https:\/\/rdpengenharia.pt\/index.php?rest_route=\/wp\/v2\/pages\/10","targetHints":{"allow":["GET"]}}],"collection":[{"href":"https:\/\/rdpengenharia.pt\/index.php?rest_route=\/wp\/v2\/pages"}],"about":[{"href":"https:\/\/rdpengenharia.pt\/index.php?rest_route=\/wp\/v2\/types\/page"}],"author":[{"embeddable":true,"href":"https:\/\/rdpengenharia.pt\/index.php?rest_route=\/wp\/v2\/users\/1"}],"replies":[{"embeddable":true,"href":"https:\/\/rdpengenharia.pt\/index.php?rest_route=%2Fwp%2Fv2%2Fcomments&post=10"}],"version-history":[{"count":33,"href":"https:\/\/rdpengenharia.pt\/index.php?rest_route=\/wp\/v2\/pages\/10\/revisions"}],"predecessor-version":[{"id":653,"href":"https:\/\/rdpengenharia.pt\/index.php?rest_route=\/wp\/v2\/pages\/10\/revisions\/653"}],"wp:attachment":[{"href":"https:\/\/rdpengenharia.pt\/index.php?rest_route=%2Fwp%2Fv2%2Fmedia&parent=10"}],"curies":[{"name":"wp","href":"https:\/\/api.w.org\/{rel}","templated":true}]}}